{"id":14253,"date":"2022-02-17T15:51:51","date_gmt":"2022-02-17T14:51:51","guid":{"rendered":"https:\/\/leo-reuter.de\/siebeninseln\/?page_id=14253"},"modified":"2022-02-17T15:51:53","modified_gmt":"2022-02-17T14:51:53","slug":"aviso-legal","status":"publish","type":"page","link":"https:\/\/leo-reuter.de\/siebeninseln\/es\/aviso-legal\/","title":{"rendered":"Aviso legal y cl\u00e1usula de exenci\u00f3n de responsabilidad"},"content":{"rendered":"\n<p class=\"wp-block-paragraph\">Responsable:<br>Dagmar Reuter<br>Calle Nietzsche 21<br>53177 Bonn<br>Alemania<\/p>\n\n\n\n<p class=\"wp-block-paragraph\">Tel.: 0228 &#8211; 299727 10<\/p>\n\n\n\n<p class=\"wp-block-paragraph\">Correo: mail@siebeninseln.de<\/p>\n\n\n\n<p class=\"wp-block-paragraph\">Aviso legal sobre los enlaces a otros sitios web: Dado que no tengo ninguna influencia en las p\u00e1ginas web enlazadas desde este sitio web, me distancio expresamente de todos los contenidos ilegales de las p\u00e1ginas web enlazadas desde este sitio web.<\/p>\n\n\n\n<h2 class=\"wp-block-heading\" id=\"descargo-de-responsabilidad\">Descargo de responsabilidad&nbsp;<\/h2>\n\n\n\n<p class=\"wp-block-paragraph\">La informaci\u00f3n contenida en Siebeninseln son los datos, opiniones y experiencias del autor. No soy un gu\u00eda de monta\u00f1a y no estoy cualificado para guiar a la gente. En Siete Islas s\u00f3lo podr\u00e1s leer mis propias experiencias, que he recogido en mis excursiones privadas.<\/p>\n\n\n\n<p class=\"wp-block-paragraph\">Para practicar el senderismo de forma segura hay que estar en buena forma f\u00edsica, tener algunos conocimientos t\u00e9cnicos y un equipo adecuado. Por supuesto, el conocimiento local y el clima respectivo tambi\u00e9n juegan un papel no despreciable en la seguridad del senderismo.<\/p>\n\n\n\n<p class=\"wp-block-paragraph\">El autor no se responsabiliza de las consecuencias que puedan derivarse de la omisi\u00f3n de toda o parte de la informaci\u00f3n anterior, o del mal uso de la informaci\u00f3n que aqu\u00ed aparece.<br>Adem\u00e1s, la informaci\u00f3n anotada puede cambiar con el tiempo. Las posiciones del GPS que se muestran no son necesariamente direcciones exactas, ya que el posicionamiento del GPS puede estar ca\u00eddo o ser inexacto. Debido a las lluvias, desprendimientos, etc., el estado de los caminos y senderos puede variar.<br>Por lo tanto, prepare siempre con suficiente antelaci\u00f3n su excursi\u00f3n:<\/p>\n\n\n\n<p class=\"wp-block-paragraph\">Consulta la previsi\u00f3n meteorol\u00f3gica y obt\u00e9n informaci\u00f3n local actualizada.<br>Compruebe si la ruta es adecuada para usted (estado de forma, condici\u00f3n f\u00edsica).<br>La ropa y el calzado deben ser adecuados para el senderismo.<br>Lleva suficiente comida y agua<br>Si es posible, camine s\u00f3lo con un acompa\u00f1ante e informe a sus familiares o amigos sobre la ruta.<br>Recuerda: el senderismo en la naturaleza implica riesgos. Usted camina bajo su propio riesgo. Tenga cuidado y llame a los servicios de urgencia (112) en caso de emergencia.<\/p>\n","protected":false},"excerpt":{"rendered":"<p>Responsable:Dagmar ReuterCalle Nietzsche 2153177 BonnAlemania Tel.: 0228 &#8211; 299727 10 Correo: mail@siebeninseln.de Aviso legal sobre los enlaces a otros sitios web: Dado que no tengo ninguna influencia en las p\u00e1ginas web enlazadas desde este sitio web, me distancio expresamente de todos los contenidos ilegales de las p\u00e1ginas web enlazadas desde este sitio web. Descargo de [&hellip;]<\/p>\n","protected":false},"author":2,"featured_media":0,"parent":0,"menu_order":0,"comment_status":"closed","ping_status":"closed","template":"","meta":{"_acf_changed":false,"_crdt_document":"","footnotes":""},"class_list":["post-14253","page","type-page","status-publish","hentry"],"acf":[],"yoast_head":"<!-- This site is optimized with the Yoast SEO plugin v27.2 - https:\/\/yoast.com\/product\/yoast-seo-wordpress\/ -->\n<title>Aviso legal y cl\u00e1usula de exenci\u00f3n de responsabilidad | Sieben Inseln<\/title>\n<meta name=\"robots\" content=\"noindex, follow, max-snippet:-1, max-image-preview:large, max-video-preview:-1\" \/>\n<meta property=\"og:locale\" content=\"de_DE\" \/>\n<meta property=\"og:type\" content=\"article\" \/>\n<meta property=\"og:title\" content=\"Aviso legal y cl\u00e1usula de exenci\u00f3n de responsabilidad | Sieben Inseln\" \/>\n<meta property=\"og:description\" content=\"Responsable:Dagmar ReuterCalle Nietzsche 2153177 BonnAlemania Tel.: 0228 &#8211; 299727 10 Correo: mail@siebeninseln.de Aviso legal sobre los enlaces a otros sitios web: Dado que no tengo ninguna influencia en las p\u00e1ginas web enlazadas desde este sitio web, me distancio expresamente de todos los contenidos ilegales de las p\u00e1ginas web enlazadas desde este sitio web. Descargo de [&hellip;]\" \/>\n<meta property=\"og:url\" content=\"https:\/\/leo-reuter.de\/siebeninseln\/es\/aviso-legal\/\" \/>\n<meta property=\"og:site_name\" content=\"Sieben Inseln\" \/>\n<meta property=\"article:publisher\" content=\"https:\/\/www.facebook.com\/Siebeninseln\" \/>\n<meta property=\"article:modified_time\" content=\"2022-02-17T14:51:53+00:00\" \/>\n<meta name=\"twitter:card\" content=\"summary_large_image\" \/>\n<meta name=\"twitter:label1\" content=\"Gesch\u00e4tzte Lesezeit\" \/>\n\t<meta name=\"twitter:data1\" content=\"2\u00a0Minuten\" \/>\n<script type=\"application\/ld+json\" class=\"yoast-schema-graph\">{\"@context\":\"https:\/\/schema.org\",\"@graph\":[{\"@type\":\"WebPage\",\"@id\":\"https:\/\/leo-reuter.de\/siebeninseln\/es\/aviso-legal\/\",\"url\":\"https:\/\/leo-reuter.de\/siebeninseln\/es\/aviso-legal\/\",\"name\":\"Aviso legal y cl\u00e1usula de exenci\u00f3n de responsabilidad | Sieben Inseln\",\"isPartOf\":{\"@id\":\"https:\/\/leo-reuter.de\/siebeninseln\/#website\"},\"datePublished\":\"2022-02-17T14:51:51+00:00\",\"dateModified\":\"2022-02-17T14:51:53+00:00\",\"breadcrumb\":{\"@id\":\"https:\/\/leo-reuter.de\/siebeninseln\/es\/aviso-legal\/#breadcrumb\"},\"inLanguage\":\"de\",\"potentialAction\":[{\"@type\":\"ReadAction\",\"target\":[\"https:\/\/leo-reuter.de\/siebeninseln\/es\/aviso-legal\/\"]}]},{\"@type\":\"BreadcrumbList\",\"@id\":\"https:\/\/leo-reuter.de\/siebeninseln\/es\/aviso-legal\/#breadcrumb\",\"itemListElement\":[{\"@type\":\"ListItem\",\"position\":1,\"name\":\"home page\",\"item\":\"https:\/\/leo-reuter.de\/siebeninseln\/\"},{\"@type\":\"ListItem\",\"position\":2,\"name\":\"Aviso legal y cl\u00e1usula de exenci\u00f3n de responsabilidad\"}]},{\"@type\":\"WebSite\",\"@id\":\"https:\/\/leo-reuter.de\/siebeninseln\/#website\",\"url\":\"https:\/\/leo-reuter.de\/siebeninseln\/\",\"name\":\"Sieben Inseln\",\"description\":\"Wandertouren und Sehenswertes rund um die kanarischen Inseln\",\"publisher\":{\"@id\":\"https:\/\/leo-reuter.de\/siebeninseln\/#\/schema\/person\/c5f85a403410e9dc383cd242420df853\"},\"potentialAction\":[{\"@type\":\"SearchAction\",\"target\":{\"@type\":\"EntryPoint\",\"urlTemplate\":\"https:\/\/leo-reuter.de\/siebeninseln\/?s={search_term_string}\"},\"query-input\":{\"@type\":\"PropertyValueSpecification\",\"valueRequired\":true,\"valueName\":\"search_term_string\"}}],\"inLanguage\":\"de\"},{\"@type\":[\"Person\",\"Organization\"],\"@id\":\"https:\/\/leo-reuter.de\/siebeninseln\/#\/schema\/person\/c5f85a403410e9dc383cd242420df853\",\"name\":\"Dagmar\",\"image\":{\"@type\":\"ImageObject\",\"inLanguage\":\"de\",\"@id\":\"https:\/\/leo-reuter.de\/siebeninseln\/wp-content\/uploads\/2017\/04\/dr.jpg\",\"url\":\"https:\/\/leo-reuter.de\/siebeninseln\/wp-content\/uploads\/2017\/04\/dr.jpg\",\"contentUrl\":\"https:\/\/leo-reuter.de\/siebeninseln\/wp-content\/uploads\/2017\/04\/dr.jpg\",\"width\":502,\"height\":625,\"caption\":\"Dagmar\"},\"logo\":{\"@id\":\"https:\/\/leo-reuter.de\/siebeninseln\/wp-content\/uploads\/2017\/04\/dr.jpg\"},\"sameAs\":[\"https:\/\/leo-reuter.de\/siebeninseln\/\",\"https:\/\/www.facebook.com\/Siebeninseln\",\"https:\/\/www.instagram.com\/siebeninseln\/\"]}]}<\/script>\n<!-- \/ Yoast SEO plugin. -->","yoast_head_json":{"title":"Aviso legal y cl\u00e1usula de exenci\u00f3n de responsabilidad | Sieben Inseln","robots":{"index":"noindex","follow":"follow","max-snippet":"max-snippet:-1","max-image-preview":"max-image-preview:large","max-video-preview":"max-video-preview:-1"},"og_locale":"de_DE","og_type":"article","og_title":"Aviso legal y cl\u00e1usula de exenci\u00f3n de responsabilidad | Sieben Inseln","og_description":"Responsable:Dagmar ReuterCalle Nietzsche 2153177 BonnAlemania Tel.: 0228 &#8211; 299727 10 Correo: mail@siebeninseln.de Aviso legal sobre los enlaces a otros sitios web: Dado que no tengo ninguna influencia en las p\u00e1ginas web enlazadas desde este sitio web, me distancio expresamente de todos los contenidos ilegales de las p\u00e1ginas web enlazadas desde este sitio web. Descargo de [&hellip;]","og_url":"https:\/\/leo-reuter.de\/siebeninseln\/es\/aviso-legal\/","og_site_name":"Sieben Inseln","article_publisher":"https:\/\/www.facebook.com\/Siebeninseln","article_modified_time":"2022-02-17T14:51:53+00:00","twitter_card":"summary_large_image","twitter_misc":{"Gesch\u00e4tzte Lesezeit":"2\u00a0Minuten"},"schema":{"@context":"https:\/\/schema.org","@graph":[{"@type":"WebPage","@id":"https:\/\/leo-reuter.de\/siebeninseln\/es\/aviso-legal\/","url":"https:\/\/leo-reuter.de\/siebeninseln\/es\/aviso-legal\/","name":"Aviso legal y cl\u00e1usula de exenci\u00f3n de responsabilidad | Sieben Inseln","isPartOf":{"@id":"https:\/\/leo-reuter.de\/siebeninseln\/#website"},"datePublished":"2022-02-17T14:51:51+00:00","dateModified":"2022-02-17T14:51:53+00:00","breadcrumb":{"@id":"https:\/\/leo-reuter.de\/siebeninseln\/es\/aviso-legal\/#breadcrumb"},"inLanguage":"de","potentialAction":[{"@type":"ReadAction","target":["https:\/\/leo-reuter.de\/siebeninseln\/es\/aviso-legal\/"]}]},{"@type":"BreadcrumbList","@id":"https:\/\/leo-reuter.de\/siebeninseln\/es\/aviso-legal\/#breadcrumb","itemListElement":[{"@type":"ListItem","position":1,"name":"home page","item":"https:\/\/leo-reuter.de\/siebeninseln\/"},{"@type":"ListItem","position":2,"name":"Aviso legal y cl\u00e1usula de exenci\u00f3n de responsabilidad"}]},{"@type":"WebSite","@id":"https:\/\/leo-reuter.de\/siebeninseln\/#website","url":"https:\/\/leo-reuter.de\/siebeninseln\/","name":"Sieben Inseln","description":"Wandertouren und Sehenswertes rund um die kanarischen Inseln","publisher":{"@id":"https:\/\/leo-reuter.de\/siebeninseln\/#\/schema\/person\/c5f85a403410e9dc383cd242420df853"},"potentialAction":[{"@type":"SearchAction","target":{"@type":"EntryPoint","urlTemplate":"https:\/\/leo-reuter.de\/siebeninseln\/?s={search_term_string}"},"query-input":{"@type":"PropertyValueSpecification","valueRequired":true,"valueName":"search_term_string"}}],"inLanguage":"de"},{"@type":["Person","Organization"],"@id":"https:\/\/leo-reuter.de\/siebeninseln\/#\/schema\/person\/c5f85a403410e9dc383cd242420df853","name":"Dagmar","image":{"@type":"ImageObject","inLanguage":"de","@id":"https:\/\/leo-reuter.de\/siebeninseln\/wp-content\/uploads\/2017\/04\/dr.jpg","url":"https:\/\/leo-reuter.de\/siebeninseln\/wp-content\/uploads\/2017\/04\/dr.jpg","contentUrl":"https:\/\/leo-reuter.de\/siebeninseln\/wp-content\/uploads\/2017\/04\/dr.jpg","width":502,"height":625,"caption":"Dagmar"},"logo":{"@id":"https:\/\/leo-reuter.de\/siebeninseln\/wp-content\/uploads\/2017\/04\/dr.jpg"},"sameAs":["https:\/\/leo-reuter.de\/siebeninseln\/","https:\/\/www.facebook.com\/Siebeninseln","https:\/\/www.instagram.com\/siebeninseln\/"]}]}},"_links":{"self":[{"href":"https:\/\/leo-reuter.de\/siebeninseln\/wp-json\/wp\/v2\/pages\/14253","targetHints":{"allow":["GET"]}}],"collection":[{"href":"https:\/\/leo-reuter.de\/siebeninseln\/wp-json\/wp\/v2\/pages"}],"about":[{"href":"https:\/\/leo-reuter.de\/siebeninseln\/wp-json\/wp\/v2\/types\/page"}],"author":[{"embeddable":true,"href":"https:\/\/leo-reuter.de\/siebeninseln\/wp-json\/wp\/v2\/users\/2"}],"replies":[{"embeddable":true,"href":"https:\/\/leo-reuter.de\/siebeninseln\/wp-json\/wp\/v2\/comments?post=14253"}],"version-history":[{"count":1,"href":"https:\/\/leo-reuter.de\/siebeninseln\/wp-json\/wp\/v2\/pages\/14253\/revisions"}],"predecessor-version":[{"id":14254,"href":"https:\/\/leo-reuter.de\/siebeninseln\/wp-json\/wp\/v2\/pages\/14253\/revisions\/14254"}],"wp:attachment":[{"href":"https:\/\/leo-reuter.de\/siebeninseln\/wp-json\/wp\/v2\/media?parent=14253"}],"curies":[{"name":"wp","href":"https:\/\/api.w.org\/{rel}","templated":true}]}}