{"id":14256,"date":"2022-02-18T12:35:01","date_gmt":"2022-02-18T11:35:01","guid":{"rendered":"https:\/\/leo-reuter.de\/siebeninseln\/?page_id=14256"},"modified":"2025-10-11T18:16:15","modified_gmt":"2025-10-11T16:16:15","slug":"sobre-mi-notas","status":"publish","type":"page","link":"https:\/\/leo-reuter.de\/siebeninseln\/es\/sobre-mi-notas\/","title":{"rendered":"Sobre m\u00ed &#8211; Notas"},"content":{"rendered":"\n<p class=\"wp-block-paragraph\">Me llamo Dagmar y vivo gran parte del a\u00f1o en Tenerife. Gracias a mis viajes por las islas, conozco todas las islas Canarias. En el pasado, mi inolvidable y temerario labrador Lasko me acompa\u00f1\u00f3 en todos mis viajes. Falleci\u00f3 en 2023, a los 15 a\u00f1os y medio. Desde diciembre de 2024, mi querido perro de monta\u00f1a Falco estuvo a mi lado, pero lamentablemente falleci\u00f3 muy joven en un tr\u00e1gico accidente en junio de 2025. Ahora, desde septiembre de 2025, me acompa\u00f1a Dori, que, al igual que Falco, procede de una protectora de animales. Como vivo cerca de las monta\u00f1as de Teno, conozco casi todos los rincones de esta zona. Sin embargo, siempre estoy buscando nuevos caminos y lugares interesantes que descubrir en las islas.<\/p>\n\n\n\n<figure class=\"wp-block-image size-large\"><a href=\"https:\/\/leo-reuter.de\/siebeninseln\/wp-content\/uploads\/2024\/12\/25264132990_7d1603a928_k-1.jpg\"><img loading=\"lazy\" decoding=\"async\" width=\"1024\" height=\"768\" src=\"https:\/\/leo-reuter.de\/siebeninseln\/wp-content\/uploads\/2024\/12\/25264132990_7d1603a928_k-1-1024x768.jpg\" alt=\"Lasko 2008-2023\" class=\"wp-image-32556\" srcset=\"https:\/\/leo-reuter.de\/siebeninseln\/wp-content\/uploads\/2024\/12\/25264132990_7d1603a928_k-1-1024x768.jpg 1024w, https:\/\/leo-reuter.de\/siebeninseln\/wp-content\/uploads\/2024\/12\/25264132990_7d1603a928_k-1-300x225.jpg 300w, https:\/\/leo-reuter.de\/siebeninseln\/wp-content\/uploads\/2024\/12\/25264132990_7d1603a928_k-1-768x576.jpg 768w, https:\/\/leo-reuter.de\/siebeninseln\/wp-content\/uploads\/2024\/12\/25264132990_7d1603a928_k-1-1536x1152.jpg 1536w, https:\/\/leo-reuter.de\/siebeninseln\/wp-content\/uploads\/2024\/12\/25264132990_7d1603a928_k-1-640x480.jpg 640w, https:\/\/leo-reuter.de\/siebeninseln\/wp-content\/uploads\/2024\/12\/25264132990_7d1603a928_k-1.jpg 2048w\" sizes=\"auto, (max-width: 1024px) 100vw, 1024px\" \/><\/a><\/figure>\n\n\n\n<p class=\"wp-block-paragraph\">Disfruto con la fotograf\u00eda y la escritura y me encanta hacer senderismo en Tenerife. De vez en cuando tambi\u00e9n voy en bicicleta por las monta\u00f1as. Me gustar\u00eda escribir aqu\u00ed para todas las personas que, como yo, aman las Islas Canarias y disfrutan del senderismo. Espero poder darte buena y valiosa informaci\u00f3n y facilitarles tu recorrido por las islas.<\/p>\n\n\n\n<p class=\"wp-block-paragraph\">Siempre estoy encantado de recibir consejos, sugerencias para mejorar y comentarios.<\/p>\n\n\n<div class=\"wp-block-image\">\n<figure class=\"aligncenter size-large\"><a href=\"https:\/\/leo-reuter.de\/siebeninseln\/wp-content\/uploads\/2024\/12\/IMG_0220-2-scaled.jpeg\"><img loading=\"lazy\" decoding=\"async\" width=\"768\" height=\"1024\" src=\"https:\/\/leo-reuter.de\/siebeninseln\/wp-content\/uploads\/2024\/12\/IMG_0220-2-768x1024.jpeg\" alt=\"Falco 2024- 2025\" class=\"wp-image-32559\" srcset=\"https:\/\/leo-reuter.de\/siebeninseln\/wp-content\/uploads\/2024\/12\/IMG_0220-2-768x1024.jpeg 768w, https:\/\/leo-reuter.de\/siebeninseln\/wp-content\/uploads\/2024\/12\/IMG_0220-2-225x300.jpeg 225w, https:\/\/leo-reuter.de\/siebeninseln\/wp-content\/uploads\/2024\/12\/IMG_0220-2-1152x1536.jpeg 1152w, https:\/\/leo-reuter.de\/siebeninseln\/wp-content\/uploads\/2024\/12\/IMG_0220-2-1536x2048.jpeg 1536w, https:\/\/leo-reuter.de\/siebeninseln\/wp-content\/uploads\/2024\/12\/IMG_0220-2-scaled.jpeg 1920w\" sizes=\"auto, (max-width: 768px) 100vw, 768px\" \/><\/a><\/figure>\n<\/div>\n\n\n<figure class=\"wp-block-image size-large\"><img loading=\"lazy\" decoding=\"async\" width=\"1024\" height=\"768\" src=\"https:\/\/leo-reuter.de\/siebeninseln\/wp-content\/uploads\/2025\/10\/IMG_4802-2-1024x768.jpeg\" alt=\"Dori, mi compa\u00f1era de senderismo de cuatro patas desde septiembre de 2025.\" class=\"wp-image-34179\" srcset=\"https:\/\/leo-reuter.de\/siebeninseln\/wp-content\/uploads\/2025\/10\/IMG_4802-2-1024x768.jpeg 1024w, https:\/\/leo-reuter.de\/siebeninseln\/wp-content\/uploads\/2025\/10\/IMG_4802-2-300x225.jpeg 300w, https:\/\/leo-reuter.de\/siebeninseln\/wp-content\/uploads\/2025\/10\/IMG_4802-2-768x576.jpeg 768w, https:\/\/leo-reuter.de\/siebeninseln\/wp-content\/uploads\/2025\/10\/IMG_4802-2-1536x1152.jpeg 1536w, https:\/\/leo-reuter.de\/siebeninseln\/wp-content\/uploads\/2025\/10\/IMG_4802-2-2048x1536.jpeg 2048w, https:\/\/leo-reuter.de\/siebeninseln\/wp-content\/uploads\/2025\/10\/IMG_4802-2-640x480.jpeg 640w\" sizes=\"auto, (max-width: 1024px) 100vw, 1024px\" \/><\/figure>\n\n\n\n<h2 class=\"wp-block-heading\">Notas importantes &#8211; descargo de responsabilidad<\/h2>\n\n\n\n<p class=\"wp-block-paragraph\">La informaci\u00f3n contenida en SiebenInseln son datos, opiniones y experiencias propias del autor. No soy gu\u00eda de monta\u00f1a y, por lo tanto, no estoy certificado para guiar a personas en excursiones de senderismo. En SiebenInseln s\u00f3lo puedes leer sobre mis propias experiencias, que he recogido en mis excursiones privadas.<\/p>\n\n\n\n<p class=\"wp-block-paragraph\">Para practicar el senderismo de forma segura hay que estar en buena forma f\u00edsica, tener algunos conocimientos t\u00e9cnicos y un equipo adecuado. Por supuesto, los conocimientos locales y el clima respectivo tambi\u00e9n desempe\u00f1an un papel no despreciable en la seguridad del senderismo.<\/p>\n\n\n\n<p class=\"wp-block-paragraph\">El autor no se responsabiliza de las consecuencias que puedan derivarse de la omisi\u00f3n de toda o parte de la informaci\u00f3n anterior, o del mal uso de la informaci\u00f3n que aqu\u00ed aparece.<br>Adem\u00e1s, la informaci\u00f3n anotada puede cambiar con el tiempo. Las posiciones del GPS que se muestran no son necesariamente direcciones exactas, ya que el posicionamiento del GPS puede estar ca\u00eddo o ser inexacto. Debido a las lluvias, desprendimientos, etc., el estado de los caminos y senderos puede variar.<br>Por lo tanto, prepare siempre con suficiente antelaci\u00f3n su excursi\u00f3n:<\/p>\n\n\n\n<p class=\"wp-block-paragraph\">Consulta la previsi\u00f3n meteorol\u00f3gica y obt\u00e9n informaci\u00f3n local actualizada.<br>Compruebe si la ruta es adecuada para usted (estado de forma, condici\u00f3n f\u00edsica).<br>La ropa y el calzado deben ser adecuados para el senderismo.<br>Lleva suficiente comida y agua<br>Si es posible, camine s\u00f3lo con un acompa\u00f1ante e informe a su familia o amigos sobre la rutaRecuerde: el senderismo en la naturaleza implica riesgos. Usted camina bajo su propio riesgo. Tenga cuidado y llame a los servicios de urgencia (112) en caso de emergencia.<\/p>\n\n\n\n<p class=\"wp-block-paragraph\">Gracias por visitarnos,<\/p>\n\n\n\n<p class=\"wp-block-paragraph\">Dagmar de SiebenInseln<\/p>\n","protected":false},"excerpt":{"rendered":"<p>Me llamo Dagmar y vivo gran parte del a\u00f1o en Tenerife. Gracias a mis viajes por las islas, conozco todas las islas Canarias. En el pasado, mi inolvidable y temerario labrador Lasko me acompa\u00f1\u00f3 en todos mis viajes. Falleci\u00f3 en 2023, a los 15 a\u00f1os y medio. Desde diciembre de 2024, mi querido perro de [&hellip;]<\/p>\n","protected":false},"author":2,"featured_media":0,"parent":0,"menu_order":1,"comment_status":"closed","ping_status":"closed","template":"","meta":{"_acf_changed":false,"_crdt_document":"","footnotes":""},"class_list":["post-14256","page","type-page","status-publish","hentry"],"acf":[],"yoast_head":"<!-- This site is optimized with the Yoast SEO plugin v27.2 - https:\/\/yoast.com\/product\/yoast-seo-wordpress\/ -->\n<title>Sobre m\u00ed - Notas | Sieben Inseln<\/title>\n<meta name=\"robots\" content=\"noindex, follow, max-snippet:-1, max-image-preview:large, max-video-preview:-1\" \/>\n<meta property=\"og:locale\" content=\"de_DE\" \/>\n<meta property=\"og:type\" content=\"article\" \/>\n<meta property=\"og:title\" content=\"Sobre m\u00ed - Notas | Sieben Inseln\" \/>\n<meta property=\"og:description\" content=\"Me llamo Dagmar y vivo gran parte del a\u00f1o en Tenerife. Gracias a mis viajes por las islas, conozco todas las islas Canarias. En el pasado, mi inolvidable y temerario labrador Lasko me acompa\u00f1\u00f3 en todos mis viajes. Falleci\u00f3 en 2023, a los 15 a\u00f1os y medio. Desde diciembre de 2024, mi querido perro de [&hellip;]\" \/>\n<meta property=\"og:url\" content=\"https:\/\/leo-reuter.de\/siebeninseln\/es\/sobre-mi-notas\/\" \/>\n<meta property=\"og:site_name\" content=\"Sieben Inseln\" \/>\n<meta property=\"article:publisher\" content=\"https:\/\/www.facebook.com\/Siebeninseln\" \/>\n<meta property=\"article:modified_time\" content=\"2025-10-11T16:16:15+00:00\" \/>\n<meta property=\"og:image\" content=\"https:\/\/leo-reuter.de\/siebeninseln\/wp-content\/uploads\/2024\/12\/25264132990_7d1603a928_k-1-1024x768.jpg\" \/>\n\t<meta property=\"og:image:width\" content=\"1024\" \/>\n\t<meta property=\"og:image:height\" content=\"768\" \/>\n\t<meta property=\"og:image:type\" content=\"image\/jpeg\" \/>\n<meta name=\"twitter:card\" content=\"summary_large_image\" \/>\n<meta name=\"twitter:label1\" content=\"Gesch\u00e4tzte Lesezeit\" \/>\n\t<meta name=\"twitter:data1\" content=\"4\u00a0Minuten\" \/>\n<script type=\"application\/ld+json\" class=\"yoast-schema-graph\">{\"@context\":\"https:\/\/schema.org\",\"@graph\":[{\"@type\":\"WebPage\",\"@id\":\"https:\/\/leo-reuter.de\/siebeninseln\/es\/sobre-mi-notas\/\",\"url\":\"https:\/\/leo-reuter.de\/siebeninseln\/es\/sobre-mi-notas\/\",\"name\":\"Sobre m\u00ed - Notas | Sieben Inseln\",\"isPartOf\":{\"@id\":\"https:\/\/leo-reuter.de\/siebeninseln\/#website\"},\"primaryImageOfPage\":{\"@id\":\"https:\/\/leo-reuter.de\/siebeninseln\/es\/sobre-mi-notas\/#primaryimage\"},\"image\":{\"@id\":\"https:\/\/leo-reuter.de\/siebeninseln\/es\/sobre-mi-notas\/#primaryimage\"},\"thumbnailUrl\":\"https:\/\/leo-reuter.de\/siebeninseln\/wp-content\/uploads\/2024\/12\/25264132990_7d1603a928_k-1-1024x768.jpg\",\"datePublished\":\"2022-02-18T11:35:01+00:00\",\"dateModified\":\"2025-10-11T16:16:15+00:00\",\"breadcrumb\":{\"@id\":\"https:\/\/leo-reuter.de\/siebeninseln\/es\/sobre-mi-notas\/#breadcrumb\"},\"inLanguage\":\"de\",\"potentialAction\":[{\"@type\":\"ReadAction\",\"target\":[\"https:\/\/leo-reuter.de\/siebeninseln\/es\/sobre-mi-notas\/\"]}]},{\"@type\":\"ImageObject\",\"inLanguage\":\"de\",\"@id\":\"https:\/\/leo-reuter.de\/siebeninseln\/es\/sobre-mi-notas\/#primaryimage\",\"url\":\"https:\/\/leo-reuter.de\/siebeninseln\/wp-content\/uploads\/2024\/12\/25264132990_7d1603a928_k-1.jpg\",\"contentUrl\":\"https:\/\/leo-reuter.de\/siebeninseln\/wp-content\/uploads\/2024\/12\/25264132990_7d1603a928_k-1.jpg\",\"width\":2048,\"height\":1536},{\"@type\":\"BreadcrumbList\",\"@id\":\"https:\/\/leo-reuter.de\/siebeninseln\/es\/sobre-mi-notas\/#breadcrumb\",\"itemListElement\":[{\"@type\":\"ListItem\",\"position\":1,\"name\":\"home page\",\"item\":\"https:\/\/leo-reuter.de\/siebeninseln\/\"},{\"@type\":\"ListItem\",\"position\":2,\"name\":\"Sobre m\u00ed &#8211; Notas\"}]},{\"@type\":\"WebSite\",\"@id\":\"https:\/\/leo-reuter.de\/siebeninseln\/#website\",\"url\":\"https:\/\/leo-reuter.de\/siebeninseln\/\",\"name\":\"Sieben Inseln\",\"description\":\"Wandertouren und Sehenswertes rund um die kanarischen Inseln\",\"publisher\":{\"@id\":\"https:\/\/leo-reuter.de\/siebeninseln\/#\/schema\/person\/c5f85a403410e9dc383cd242420df853\"},\"potentialAction\":[{\"@type\":\"SearchAction\",\"target\":{\"@type\":\"EntryPoint\",\"urlTemplate\":\"https:\/\/leo-reuter.de\/siebeninseln\/?s={search_term_string}\"},\"query-input\":{\"@type\":\"PropertyValueSpecification\",\"valueRequired\":true,\"valueName\":\"search_term_string\"}}],\"inLanguage\":\"de\"},{\"@type\":[\"Person\",\"Organization\"],\"@id\":\"https:\/\/leo-reuter.de\/siebeninseln\/#\/schema\/person\/c5f85a403410e9dc383cd242420df853\",\"name\":\"Dagmar\",\"image\":{\"@type\":\"ImageObject\",\"inLanguage\":\"de\",\"@id\":\"https:\/\/leo-reuter.de\/siebeninseln\/wp-content\/uploads\/2017\/04\/dr.jpg\",\"url\":\"https:\/\/leo-reuter.de\/siebeninseln\/wp-content\/uploads\/2017\/04\/dr.jpg\",\"contentUrl\":\"https:\/\/leo-reuter.de\/siebeninseln\/wp-content\/uploads\/2017\/04\/dr.jpg\",\"width\":502,\"height\":625,\"caption\":\"Dagmar\"},\"logo\":{\"@id\":\"https:\/\/leo-reuter.de\/siebeninseln\/wp-content\/uploads\/2017\/04\/dr.jpg\"},\"sameAs\":[\"https:\/\/leo-reuter.de\/siebeninseln\/\",\"https:\/\/www.facebook.com\/Siebeninseln\",\"https:\/\/www.instagram.com\/siebeninseln\/\"]}]}<\/script>\n<!-- \/ Yoast SEO plugin. -->","yoast_head_json":{"title":"Sobre m\u00ed - Notas | Sieben Inseln","robots":{"index":"noindex","follow":"follow","max-snippet":"max-snippet:-1","max-image-preview":"max-image-preview:large","max-video-preview":"max-video-preview:-1"},"og_locale":"de_DE","og_type":"article","og_title":"Sobre m\u00ed - Notas | Sieben Inseln","og_description":"Me llamo Dagmar y vivo gran parte del a\u00f1o en Tenerife. Gracias a mis viajes por las islas, conozco todas las islas Canarias. En el pasado, mi inolvidable y temerario labrador Lasko me acompa\u00f1\u00f3 en todos mis viajes. Falleci\u00f3 en 2023, a los 15 a\u00f1os y medio. Desde diciembre de 2024, mi querido perro de [&hellip;]","og_url":"https:\/\/leo-reuter.de\/siebeninseln\/es\/sobre-mi-notas\/","og_site_name":"Sieben Inseln","article_publisher":"https:\/\/www.facebook.com\/Siebeninseln","article_modified_time":"2025-10-11T16:16:15+00:00","og_image":[{"width":1024,"height":768,"url":"https:\/\/leo-reuter.de\/siebeninseln\/wp-content\/uploads\/2024\/12\/25264132990_7d1603a928_k-1-1024x768.jpg","type":"image\/jpeg"}],"twitter_card":"summary_large_image","twitter_misc":{"Gesch\u00e4tzte Lesezeit":"4\u00a0Minuten"},"schema":{"@context":"https:\/\/schema.org","@graph":[{"@type":"WebPage","@id":"https:\/\/leo-reuter.de\/siebeninseln\/es\/sobre-mi-notas\/","url":"https:\/\/leo-reuter.de\/siebeninseln\/es\/sobre-mi-notas\/","name":"Sobre m\u00ed - Notas | Sieben Inseln","isPartOf":{"@id":"https:\/\/leo-reuter.de\/siebeninseln\/#website"},"primaryImageOfPage":{"@id":"https:\/\/leo-reuter.de\/siebeninseln\/es\/sobre-mi-notas\/#primaryimage"},"image":{"@id":"https:\/\/leo-reuter.de\/siebeninseln\/es\/sobre-mi-notas\/#primaryimage"},"thumbnailUrl":"https:\/\/leo-reuter.de\/siebeninseln\/wp-content\/uploads\/2024\/12\/25264132990_7d1603a928_k-1-1024x768.jpg","datePublished":"2022-02-18T11:35:01+00:00","dateModified":"2025-10-11T16:16:15+00:00","breadcrumb":{"@id":"https:\/\/leo-reuter.de\/siebeninseln\/es\/sobre-mi-notas\/#breadcrumb"},"inLanguage":"de","potentialAction":[{"@type":"ReadAction","target":["https:\/\/leo-reuter.de\/siebeninseln\/es\/sobre-mi-notas\/"]}]},{"@type":"ImageObject","inLanguage":"de","@id":"https:\/\/leo-reuter.de\/siebeninseln\/es\/sobre-mi-notas\/#primaryimage","url":"https:\/\/leo-reuter.de\/siebeninseln\/wp-content\/uploads\/2024\/12\/25264132990_7d1603a928_k-1.jpg","contentUrl":"https:\/\/leo-reuter.de\/siebeninseln\/wp-content\/uploads\/2024\/12\/25264132990_7d1603a928_k-1.jpg","width":2048,"height":1536},{"@type":"BreadcrumbList","@id":"https:\/\/leo-reuter.de\/siebeninseln\/es\/sobre-mi-notas\/#breadcrumb","itemListElement":[{"@type":"ListItem","position":1,"name":"home page","item":"https:\/\/leo-reuter.de\/siebeninseln\/"},{"@type":"ListItem","position":2,"name":"Sobre m\u00ed &#8211; Notas"}]},{"@type":"WebSite","@id":"https:\/\/leo-reuter.de\/siebeninseln\/#website","url":"https:\/\/leo-reuter.de\/siebeninseln\/","name":"Sieben Inseln","description":"Wandertouren und Sehenswertes rund um die kanarischen Inseln","publisher":{"@id":"https:\/\/leo-reuter.de\/siebeninseln\/#\/schema\/person\/c5f85a403410e9dc383cd242420df853"},"potentialAction":[{"@type":"SearchAction","target":{"@type":"EntryPoint","urlTemplate":"https:\/\/leo-reuter.de\/siebeninseln\/?s={search_term_string}"},"query-input":{"@type":"PropertyValueSpecification","valueRequired":true,"valueName":"search_term_string"}}],"inLanguage":"de"},{"@type":["Person","Organization"],"@id":"https:\/\/leo-reuter.de\/siebeninseln\/#\/schema\/person\/c5f85a403410e9dc383cd242420df853","name":"Dagmar","image":{"@type":"ImageObject","inLanguage":"de","@id":"https:\/\/leo-reuter.de\/siebeninseln\/wp-content\/uploads\/2017\/04\/dr.jpg","url":"https:\/\/leo-reuter.de\/siebeninseln\/wp-content\/uploads\/2017\/04\/dr.jpg","contentUrl":"https:\/\/leo-reuter.de\/siebeninseln\/wp-content\/uploads\/2017\/04\/dr.jpg","width":502,"height":625,"caption":"Dagmar"},"logo":{"@id":"https:\/\/leo-reuter.de\/siebeninseln\/wp-content\/uploads\/2017\/04\/dr.jpg"},"sameAs":["https:\/\/leo-reuter.de\/siebeninseln\/","https:\/\/www.facebook.com\/Siebeninseln","https:\/\/www.instagram.com\/siebeninseln\/"]}]}},"_links":{"self":[{"href":"https:\/\/leo-reuter.de\/siebeninseln\/wp-json\/wp\/v2\/pages\/14256","targetHints":{"allow":["GET"]}}],"collection":[{"href":"https:\/\/leo-reuter.de\/siebeninseln\/wp-json\/wp\/v2\/pages"}],"about":[{"href":"https:\/\/leo-reuter.de\/siebeninseln\/wp-json\/wp\/v2\/types\/page"}],"author":[{"embeddable":true,"href":"https:\/\/leo-reuter.de\/siebeninseln\/wp-json\/wp\/v2\/users\/2"}],"replies":[{"embeddable":true,"href":"https:\/\/leo-reuter.de\/siebeninseln\/wp-json\/wp\/v2\/comments?post=14256"}],"version-history":[{"count":7,"href":"https:\/\/leo-reuter.de\/siebeninseln\/wp-json\/wp\/v2\/pages\/14256\/revisions"}],"predecessor-version":[{"id":34187,"href":"https:\/\/leo-reuter.de\/siebeninseln\/wp-json\/wp\/v2\/pages\/14256\/revisions\/34187"}],"wp:attachment":[{"href":"https:\/\/leo-reuter.de\/siebeninseln\/wp-json\/wp\/v2\/media?parent=14256"}],"curies":[{"name":"wp","href":"https:\/\/api.w.org\/{rel}","templated":true}]}}