{"id":16,"date":"2017-04-26T20:59:44","date_gmt":"2017-04-26T18:59:44","guid":{"rendered":"https:\/\/leo-reuter.de\/siebeninseln\/?page_id=16"},"modified":"2025-10-11T18:15:41","modified_gmt":"2025-10-11T16:15:41","slug":"ueber-mich","status":"publish","type":"page","link":"https:\/\/leo-reuter.de\/siebeninseln\/ueber-mich\/","title":{"rendered":"\u00dcber mich &#8211; Hinweise"},"content":{"rendered":"<p>Meine Name ist Dagmar und ich wohne einen gro\u00dfen Teil des Jahres auf Teneriffa. Durch meine Inseltrips kenne ich alle kanarischen Inseln. In der Vergangenheit hat mich mein unvergessener und tollk\u00fchner Labrador Lasko auf allen Wegen begleitet. Er verstarb mit 15,5 Jahren im Jahr 2023. Seit Dezember 2024 ist war mein lieber Wanderhund Falco an meiner Seite, der leider durch einen tragischen Unfall im Juni 2025 sehr jung verstorben ist. Nun begleitet mich seit September 2025 Dori, die auch wie Falco aus dem Tierschutz stammt. \u00a0Da ich in der N\u00e4he des Tenogebirges zu Hause bin, kenne ich fast jeden Winkel dieser Gegend. Doch ich bin immer wieder auf der Suche, um auch noch neue Wege und interessante Sehensw\u00fcrdigkeiten auf den Inseln zu entdecken.<\/p>\n<p><img loading=\"lazy\" decoding=\"async\" class=\"aligncenter wp-image-32553 size-full\" src=\"https:\/\/leo-reuter.de\/siebeninseln\/wp-content\/uploads\/2024\/12\/25264132990_7d1603a928_k.jpg\" alt=\"Lasko \n2008-2023\" width=\"2048\" height=\"1536\" srcset=\"https:\/\/leo-reuter.de\/siebeninseln\/wp-content\/uploads\/2024\/12\/25264132990_7d1603a928_k.jpg 2048w, https:\/\/leo-reuter.de\/siebeninseln\/wp-content\/uploads\/2024\/12\/25264132990_7d1603a928_k-300x225.jpg 300w, https:\/\/leo-reuter.de\/siebeninseln\/wp-content\/uploads\/2024\/12\/25264132990_7d1603a928_k-1024x768.jpg 1024w, https:\/\/leo-reuter.de\/siebeninseln\/wp-content\/uploads\/2024\/12\/25264132990_7d1603a928_k-768x576.jpg 768w, https:\/\/leo-reuter.de\/siebeninseln\/wp-content\/uploads\/2024\/12\/25264132990_7d1603a928_k-1536x1152.jpg 1536w, https:\/\/leo-reuter.de\/siebeninseln\/wp-content\/uploads\/2024\/12\/25264132990_7d1603a928_k-640x480.jpg 640w\" sizes=\"auto, (max-width: 2048px) 100vw, 2048px\" \/><\/p>\n<p>Ich \u00a0fotografiere und schreibe gerne und liebe das Wandern auf Teneriffa. Ab und zu fahre ich auch mit dem Fahrrad in die Berge. Hier m\u00f6chte ich f\u00fcr alle Menschen, die wie ich die kanarischen Inseln lieben und gerne wandern, schreiben. Ich hoffe, dass ich dir so gute und wertvolle Informationen geben und deine Tour auf den Inseln erleichtern kann.<\/p>\n<p style=\"text-align: left;\">Ich freue mich immer \u00fcber Hinweise, Verbesserungsvorschl\u00e4ge und auch Feedback.<\/p>\n<p style=\"text-align: center;\"><strong><img loading=\"lazy\" decoding=\"async\" class=\"aligncenter wp-image-32552 size-large\" src=\"https:\/\/leo-reuter.de\/siebeninseln\/wp-content\/uploads\/2024\/12\/IMG_0220-1-768x1024.jpeg\" alt=\"Falco 2024-2025\" width=\"697\" height=\"929\" srcset=\"https:\/\/leo-reuter.de\/siebeninseln\/wp-content\/uploads\/2024\/12\/IMG_0220-1-768x1024.jpeg 768w, https:\/\/leo-reuter.de\/siebeninseln\/wp-content\/uploads\/2024\/12\/IMG_0220-1-225x300.jpeg 225w, https:\/\/leo-reuter.de\/siebeninseln\/wp-content\/uploads\/2024\/12\/IMG_0220-1-1152x1536.jpeg 1152w, https:\/\/leo-reuter.de\/siebeninseln\/wp-content\/uploads\/2024\/12\/IMG_0220-1-1536x2048.jpeg 1536w, https:\/\/leo-reuter.de\/siebeninseln\/wp-content\/uploads\/2024\/12\/IMG_0220-1-scaled.jpeg 1920w\" sizes=\"auto, (max-width: 697px) 100vw, 697px\" \/><\/strong><\/p>\n<p style=\"text-align: center;\">\n<figure id=\"attachment_34173\" class=\"thumbnail wp-caption aligncenter\" style=\"width: 2570px\"><img loading=\"lazy\" decoding=\"async\" class=\"wp-image-34173 size-full\" src=\"https:\/\/leo-reuter.de\/siebeninseln\/wp-content\/uploads\/2025\/10\/IMG_4802-scaled.jpeg\" alt=\"Dori - meine vierbeinige Wanderbegleiterin seit September 2025\" width=\"2560\" height=\"1920\" srcset=\"https:\/\/leo-reuter.de\/siebeninseln\/wp-content\/uploads\/2025\/10\/IMG_4802-scaled.jpeg 2560w, https:\/\/leo-reuter.de\/siebeninseln\/wp-content\/uploads\/2025\/10\/IMG_4802-300x225.jpeg 300w, https:\/\/leo-reuter.de\/siebeninseln\/wp-content\/uploads\/2025\/10\/IMG_4802-1024x768.jpeg 1024w, https:\/\/leo-reuter.de\/siebeninseln\/wp-content\/uploads\/2025\/10\/IMG_4802-768x576.jpeg 768w, https:\/\/leo-reuter.de\/siebeninseln\/wp-content\/uploads\/2025\/10\/IMG_4802-1536x1152.jpeg 1536w, https:\/\/leo-reuter.de\/siebeninseln\/wp-content\/uploads\/2025\/10\/IMG_4802-2048x1536.jpeg 2048w, https:\/\/leo-reuter.de\/siebeninseln\/wp-content\/uploads\/2025\/10\/IMG_4802-640x480.jpeg 640w\" sizes=\"auto, (max-width: 2560px) 100vw, 2560px\" \/><figcaption class=\"caption wp-caption-text\">\u00a0<\/figcaption><\/figure>\n<p style=\"text-align: center;\">\n<p style=\"text-align: left;\"><strong>Wichtige Hinweise &#8211; Haftungsausschluss\u00a0<\/strong><\/p>\n<p>Die auf Siebeninseln enthaltenen Informationen sind \u00a0eigene Daten, Meinungen und Erfahrungen des Autors. Ich bin keine Bergf\u00fchrerin und daher nicht zertifiziert, Menschen auf Wandertouren zu f\u00fchren. Auf Siebeninseln kannst du ausschlie\u00dflich meine eigenen Erfahrungen nachlesen, die ich auf meinen privaten Wanderungen gesammelt habe.<\/p>\n<p>Um sicher zu Wandern solltest du k\u00f6rperlich fit sein, einige technische Kenntnisse sowie eine geeignete Ausr\u00fcstung haben. Auch spielen nat\u00fcrlich Ortskenntnisse und das jeweilige Wetter eine nicht unerhebliche Rolle f\u00fcr das sichere Wandern.<\/p>\n<p>Der Autor ist nicht verantwortlich f\u00fcr die Folgen, die sich aus dem Fehlen aller oder eines Teils der oben genannten Informationen sowie aus dem Missbrauch der hier erscheinenden Informationen ergeben k\u00f6nnen.<br \/>\nAuch k\u00f6nnen sich die aufgeschriebenen Informationen im Laufe der Zeit ver\u00e4ndern. Die angezeigten GPS-Positionen sind nicht unbedingt eine exakte Wegbeschreibung, da die GPS-Positionierung ausgefallen oder ungenau sein kann. Durch Regen, Erdrutsche usw. kann der Zustand der Wege und Pfade variieren.<br \/>\nDaher bereite dich immer im Voraus gut auf deine Wanderung vor:<\/p>\n<ul>\n<li>Wettervorhersage schauen und aktuelle lokale Informationen einholen<\/li>\n<li>pr\u00fcfen, ob die Strecke f\u00fcr dich selbst (Kondition, k\u00f6rperliche Verfassung) geeignet ist<\/li>\n<li>Kleidung und Schuhwerk m\u00fcssen zum Wandern geeignet sein<\/li>\n<li>ausreichend Nahrung und auf jeden Fall Wasser mitnehmen<\/li>\n<li>m\u00f6glichst nur in Begleitung wandern und Familie oder Freunde \u00fcber die Strecke informierenDenke daran: Das Wandern in der Natur birgt Risiken. Du wanderst auf eigene Gefahr. Sei umsichtig und rufe im Notfall den Notdienst (112) an.<\/li>\n<\/ul>\n<p style=\"text-align: left;\"><img loading=\"lazy\" decoding=\"async\" class=\"size-medium wp-image-7604 alignleft\" src=\"https:\/\/leo-reuter.de\/siebeninseln\/wp-content\/uploads\/2019\/08\/Bildschirmfoto-2019-08-04-um-13.53.13-206x300.png\" alt=\"Teneriffa Wanderungen\" width=\"206\" height=\"300\" srcset=\"https:\/\/leo-reuter.de\/siebeninseln\/wp-content\/uploads\/2019\/08\/Bildschirmfoto-2019-08-04-um-13.53.13-206x300.png 206w, https:\/\/leo-reuter.de\/siebeninseln\/wp-content\/uploads\/2019\/08\/Bildschirmfoto-2019-08-04-um-13.53.13.png 476w\" sizes=\"auto, (max-width: 206px) 100vw, 206px\" \/><\/p>\n<p style=\"text-align: left;\">Jetzt gibt es &#8222;Die sch\u00f6nsten 10 Wandertouren auf Teneriffa&#8220; auch als <a href=\"https:\/\/www.amazon.de\/dp\/B07VKDL7CX\">E-Book<\/a> und als <a href=\"https:\/\/www.amazon.de\/dp\/B07VKDL7CX\">Taschenbuch<\/a>,<\/p>\n<p>Danke f\u00fcrs Vorbeischauen,<\/p>\n<p>Dagmar von Siebeninseln<\/p>\n","protected":false},"excerpt":{"rendered":"<p>Meine Name ist Dagmar und ich wohne einen gro\u00dfen Teil des Jahres auf Teneriffa. Durch meine Inseltrips kenne ich alle kanarischen Inseln. In der Vergangenheit hat mich mein unvergessener und tollk\u00fchner Labrador Lasko auf allen Wegen begleitet. Er verstarb mit 15,5 Jahren im Jahr 2023. Seit Dezember 2024 ist war mein lieber Wanderhund Falco an [&hellip;]<\/p>\n","protected":false},"author":1,"featured_media":20300,"parent":0,"menu_order":1,"comment_status":"closed","ping_status":"closed","template":"","meta":{"_acf_changed":false,"_crdt_document":"","footnotes":""},"class_list":["post-16","page","type-page","status-publish","has-post-thumbnail","hentry"],"acf":[],"yoast_head":"<!-- This site is optimized with the Yoast SEO plugin v27.2 - https:\/\/yoast.com\/product\/yoast-seo-wordpress\/ -->\n<title>\u00dcber mich - Hinweise | Sieben Inseln<\/title>\n<meta name=\"description\" content=\"Erfahre mehr \u00fcber Sieben Inseln. Von wem wird die Seite betrieben und was ist die Motivation hinter dem digitalen Wanderf\u00fchrer. Jetzt lesen!\" \/>\n<meta name=\"robots\" content=\"noindex, follow, max-snippet:-1, max-image-preview:large, max-video-preview:-1\" \/>\n<meta property=\"og:locale\" content=\"de_DE\" \/>\n<meta property=\"og:type\" content=\"article\" \/>\n<meta property=\"og:title\" content=\"\u00dcber mich - Hinweise | Sieben Inseln\" \/>\n<meta property=\"og:description\" content=\"Erfahre mehr \u00fcber Sieben Inseln. Von wem wird die Seite betrieben und was ist die Motivation hinter dem digitalen Wanderf\u00fchrer. Jetzt lesen!\" \/>\n<meta property=\"og:url\" content=\"https:\/\/leo-reuter.de\/siebeninseln\/ueber-mich\/\" \/>\n<meta property=\"og:site_name\" content=\"Sieben Inseln\" \/>\n<meta property=\"article:publisher\" content=\"https:\/\/www.facebook.com\/Siebeninseln\" \/>\n<meta property=\"article:modified_time\" content=\"2025-10-11T16:15:41+00:00\" \/>\n<meta property=\"og:image\" content=\"https:\/\/leo-reuter.de\/siebeninseln\/wp-content\/uploads\/2022\/10\/IMG_6543a-scaled.jpg\" \/>\n\t<meta property=\"og:image:width\" content=\"2560\" \/>\n\t<meta property=\"og:image:height\" content=\"1460\" \/>\n\t<meta property=\"og:image:type\" content=\"image\/jpeg\" \/>\n<meta name=\"twitter:card\" content=\"summary_large_image\" \/>\n<meta name=\"twitter:label1\" content=\"Gesch\u00e4tzte Lesezeit\" \/>\n\t<meta name=\"twitter:data1\" content=\"4\u00a0Minuten\" \/>\n<script type=\"application\/ld+json\" class=\"yoast-schema-graph\">{\"@context\":\"https:\/\/schema.org\",\"@graph\":[{\"@type\":\"WebPage\",\"@id\":\"https:\/\/leo-reuter.de\/siebeninseln\/ueber-mich\/\",\"url\":\"https:\/\/leo-reuter.de\/siebeninseln\/ueber-mich\/\",\"name\":\"\u00dcber mich - Hinweise | Sieben Inseln\",\"isPartOf\":{\"@id\":\"https:\/\/leo-reuter.de\/siebeninseln\/#website\"},\"primaryImageOfPage\":{\"@id\":\"https:\/\/leo-reuter.de\/siebeninseln\/ueber-mich\/#primaryimage\"},\"image\":{\"@id\":\"https:\/\/leo-reuter.de\/siebeninseln\/ueber-mich\/#primaryimage\"},\"thumbnailUrl\":\"https:\/\/leo-reuter.de\/siebeninseln\/wp-content\/uploads\/2022\/10\/IMG_6543a-scaled.jpg\",\"datePublished\":\"2017-04-26T18:59:44+00:00\",\"dateModified\":\"2025-10-11T16:15:41+00:00\",\"description\":\"Erfahre mehr \u00fcber Sieben Inseln. Von wem wird die Seite betrieben und was ist die Motivation hinter dem digitalen Wanderf\u00fchrer. Jetzt lesen!\",\"breadcrumb\":{\"@id\":\"https:\/\/leo-reuter.de\/siebeninseln\/ueber-mich\/#breadcrumb\"},\"inLanguage\":\"de\",\"potentialAction\":[{\"@type\":\"ReadAction\",\"target\":[\"https:\/\/leo-reuter.de\/siebeninseln\/ueber-mich\/\"]}]},{\"@type\":\"ImageObject\",\"inLanguage\":\"de\",\"@id\":\"https:\/\/leo-reuter.de\/siebeninseln\/ueber-mich\/#primaryimage\",\"url\":\"https:\/\/leo-reuter.de\/siebeninseln\/wp-content\/uploads\/2022\/10\/IMG_6543a-scaled.jpg\",\"contentUrl\":\"https:\/\/leo-reuter.de\/siebeninseln\/wp-content\/uploads\/2022\/10\/IMG_6543a-scaled.jpg\",\"width\":2560,\"height\":1460},{\"@type\":\"BreadcrumbList\",\"@id\":\"https:\/\/leo-reuter.de\/siebeninseln\/ueber-mich\/#breadcrumb\",\"itemListElement\":[{\"@type\":\"ListItem\",\"position\":1,\"name\":\"home page\",\"item\":\"https:\/\/leo-reuter.de\/siebeninseln\/\"},{\"@type\":\"ListItem\",\"position\":2,\"name\":\"\u00dcber mich &#8211; Hinweise\"}]},{\"@type\":\"WebSite\",\"@id\":\"https:\/\/leo-reuter.de\/siebeninseln\/#website\",\"url\":\"https:\/\/leo-reuter.de\/siebeninseln\/\",\"name\":\"Sieben Inseln\",\"description\":\"Wandertouren und Sehenswertes rund um die kanarischen Inseln\",\"publisher\":{\"@id\":\"https:\/\/leo-reuter.de\/siebeninseln\/#\/schema\/person\/c5f85a403410e9dc383cd242420df853\"},\"potentialAction\":[{\"@type\":\"SearchAction\",\"target\":{\"@type\":\"EntryPoint\",\"urlTemplate\":\"https:\/\/leo-reuter.de\/siebeninseln\/?s={search_term_string}\"},\"query-input\":{\"@type\":\"PropertyValueSpecification\",\"valueRequired\":true,\"valueName\":\"search_term_string\"}}],\"inLanguage\":\"de\"},{\"@type\":[\"Person\",\"Organization\"],\"@id\":\"https:\/\/leo-reuter.de\/siebeninseln\/#\/schema\/person\/c5f85a403410e9dc383cd242420df853\",\"name\":\"Dagmar\",\"image\":{\"@type\":\"ImageObject\",\"inLanguage\":\"de\",\"@id\":\"https:\/\/leo-reuter.de\/siebeninseln\/wp-content\/uploads\/2017\/04\/dr.jpg\",\"url\":\"https:\/\/leo-reuter.de\/siebeninseln\/wp-content\/uploads\/2017\/04\/dr.jpg\",\"contentUrl\":\"https:\/\/leo-reuter.de\/siebeninseln\/wp-content\/uploads\/2017\/04\/dr.jpg\",\"width\":502,\"height\":625,\"caption\":\"Dagmar\"},\"logo\":{\"@id\":\"https:\/\/leo-reuter.de\/siebeninseln\/wp-content\/uploads\/2017\/04\/dr.jpg\"},\"sameAs\":[\"https:\/\/leo-reuter.de\/siebeninseln\/\",\"https:\/\/www.facebook.com\/Siebeninseln\",\"https:\/\/www.instagram.com\/siebeninseln\/\"]}]}<\/script>\n<!-- \/ Yoast SEO plugin. -->","yoast_head_json":{"title":"\u00dcber mich - Hinweise | Sieben Inseln","description":"Erfahre mehr \u00fcber Sieben Inseln. Von wem wird die Seite betrieben und was ist die Motivation hinter dem digitalen Wanderf\u00fchrer. Jetzt lesen!","robots":{"index":"noindex","follow":"follow","max-snippet":"max-snippet:-1","max-image-preview":"max-image-preview:large","max-video-preview":"max-video-preview:-1"},"og_locale":"de_DE","og_type":"article","og_title":"\u00dcber mich - Hinweise | Sieben Inseln","og_description":"Erfahre mehr \u00fcber Sieben Inseln. Von wem wird die Seite betrieben und was ist die Motivation hinter dem digitalen Wanderf\u00fchrer. Jetzt lesen!","og_url":"https:\/\/leo-reuter.de\/siebeninseln\/ueber-mich\/","og_site_name":"Sieben Inseln","article_publisher":"https:\/\/www.facebook.com\/Siebeninseln","article_modified_time":"2025-10-11T16:15:41+00:00","og_image":[{"width":2560,"height":1460,"url":"https:\/\/leo-reuter.de\/siebeninseln\/wp-content\/uploads\/2022\/10\/IMG_6543a-scaled.jpg","type":"image\/jpeg"}],"twitter_card":"summary_large_image","twitter_misc":{"Gesch\u00e4tzte Lesezeit":"4\u00a0Minuten"},"schema":{"@context":"https:\/\/schema.org","@graph":[{"@type":"WebPage","@id":"https:\/\/leo-reuter.de\/siebeninseln\/ueber-mich\/","url":"https:\/\/leo-reuter.de\/siebeninseln\/ueber-mich\/","name":"\u00dcber mich - Hinweise | Sieben Inseln","isPartOf":{"@id":"https:\/\/leo-reuter.de\/siebeninseln\/#website"},"primaryImageOfPage":{"@id":"https:\/\/leo-reuter.de\/siebeninseln\/ueber-mich\/#primaryimage"},"image":{"@id":"https:\/\/leo-reuter.de\/siebeninseln\/ueber-mich\/#primaryimage"},"thumbnailUrl":"https:\/\/leo-reuter.de\/siebeninseln\/wp-content\/uploads\/2022\/10\/IMG_6543a-scaled.jpg","datePublished":"2017-04-26T18:59:44+00:00","dateModified":"2025-10-11T16:15:41+00:00","description":"Erfahre mehr \u00fcber Sieben Inseln. Von wem wird die Seite betrieben und was ist die Motivation hinter dem digitalen Wanderf\u00fchrer. Jetzt lesen!","breadcrumb":{"@id":"https:\/\/leo-reuter.de\/siebeninseln\/ueber-mich\/#breadcrumb"},"inLanguage":"de","potentialAction":[{"@type":"ReadAction","target":["https:\/\/leo-reuter.de\/siebeninseln\/ueber-mich\/"]}]},{"@type":"ImageObject","inLanguage":"de","@id":"https:\/\/leo-reuter.de\/siebeninseln\/ueber-mich\/#primaryimage","url":"https:\/\/leo-reuter.de\/siebeninseln\/wp-content\/uploads\/2022\/10\/IMG_6543a-scaled.jpg","contentUrl":"https:\/\/leo-reuter.de\/siebeninseln\/wp-content\/uploads\/2022\/10\/IMG_6543a-scaled.jpg","width":2560,"height":1460},{"@type":"BreadcrumbList","@id":"https:\/\/leo-reuter.de\/siebeninseln\/ueber-mich\/#breadcrumb","itemListElement":[{"@type":"ListItem","position":1,"name":"home page","item":"https:\/\/leo-reuter.de\/siebeninseln\/"},{"@type":"ListItem","position":2,"name":"\u00dcber mich &#8211; Hinweise"}]},{"@type":"WebSite","@id":"https:\/\/leo-reuter.de\/siebeninseln\/#website","url":"https:\/\/leo-reuter.de\/siebeninseln\/","name":"Sieben Inseln","description":"Wandertouren und Sehenswertes rund um die kanarischen Inseln","publisher":{"@id":"https:\/\/leo-reuter.de\/siebeninseln\/#\/schema\/person\/c5f85a403410e9dc383cd242420df853"},"potentialAction":[{"@type":"SearchAction","target":{"@type":"EntryPoint","urlTemplate":"https:\/\/leo-reuter.de\/siebeninseln\/?s={search_term_string}"},"query-input":{"@type":"PropertyValueSpecification","valueRequired":true,"valueName":"search_term_string"}}],"inLanguage":"de"},{"@type":["Person","Organization"],"@id":"https:\/\/leo-reuter.de\/siebeninseln\/#\/schema\/person\/c5f85a403410e9dc383cd242420df853","name":"Dagmar","image":{"@type":"ImageObject","inLanguage":"de","@id":"https:\/\/leo-reuter.de\/siebeninseln\/wp-content\/uploads\/2017\/04\/dr.jpg","url":"https:\/\/leo-reuter.de\/siebeninseln\/wp-content\/uploads\/2017\/04\/dr.jpg","contentUrl":"https:\/\/leo-reuter.de\/siebeninseln\/wp-content\/uploads\/2017\/04\/dr.jpg","width":502,"height":625,"caption":"Dagmar"},"logo":{"@id":"https:\/\/leo-reuter.de\/siebeninseln\/wp-content\/uploads\/2017\/04\/dr.jpg"},"sameAs":["https:\/\/leo-reuter.de\/siebeninseln\/","https:\/\/www.facebook.com\/Siebeninseln","https:\/\/www.instagram.com\/siebeninseln\/"]}]}},"_links":{"self":[{"href":"https:\/\/leo-reuter.de\/siebeninseln\/wp-json\/wp\/v2\/pages\/16","targetHints":{"allow":["GET"]}}],"collection":[{"href":"https:\/\/leo-reuter.de\/siebeninseln\/wp-json\/wp\/v2\/pages"}],"about":[{"href":"https:\/\/leo-reuter.de\/siebeninseln\/wp-json\/wp\/v2\/types\/page"}],"author":[{"embeddable":true,"href":"https:\/\/leo-reuter.de\/siebeninseln\/wp-json\/wp\/v2\/users\/1"}],"replies":[{"embeddable":true,"href":"https:\/\/leo-reuter.de\/siebeninseln\/wp-json\/wp\/v2\/comments?post=16"}],"version-history":[{"count":24,"href":"https:\/\/leo-reuter.de\/siebeninseln\/wp-json\/wp\/v2\/pages\/16\/revisions"}],"predecessor-version":[{"id":34189,"href":"https:\/\/leo-reuter.de\/siebeninseln\/wp-json\/wp\/v2\/pages\/16\/revisions\/34189"}],"wp:featuredmedia":[{"embeddable":true,"href":"https:\/\/leo-reuter.de\/siebeninseln\/wp-json\/wp\/v2\/media\/20300"}],"wp:attachment":[{"href":"https:\/\/leo-reuter.de\/siebeninseln\/wp-json\/wp\/v2\/media?parent=16"}],"curies":[{"name":"wp","href":"https:\/\/api.w.org\/{rel}","templated":true}]}}