{"id":33,"date":"2017-04-26T22:37:52","date_gmt":"2017-04-26T20:37:52","guid":{"rendered":"https:\/\/leo-reuter.de\/siebeninseln\/?page_id=33"},"modified":"2021-05-09T16:23:13","modified_gmt":"2021-05-09T14:23:13","slug":"impressum","status":"publish","type":"page","link":"https:\/\/leo-reuter.de\/siebeninseln\/impressum\/","title":{"rendered":"Impressum und Haftungsausschluss"},"content":{"rendered":"<p><strong>Verantwortlich:<\/strong><br \/>\nDagmar Reuter<br \/>\nNietzschestra\u00dfe 21<br \/>\n53177 Bonn<br \/>\nDeutschland<\/p>\n<p>Tel.: 0228 \u2013 299727 10<\/p>\n<p>Mail: mail@siebeninseln.de<\/p>\n<p>Rechtlicher Hinweis zur Verlinkung mit anderen Webseiten: Da ich keinen Einfluss auf die von dieser Webseite verlinkten Seiten habe, distanziere ich mich hiermit ausdr\u00fccklich von allen rechtswidrigen Inhalten der von mir verlinkten Webseiten.<\/p>\n<h2><strong>Haftungsausschluss\u00a0<\/strong><\/h2>\n<p>Die auf Siebeninseln enthaltenen Informationen sind \u00a0eigene Daten, Meinungen und Erfahrungen des Autors. Ich bin kein Bergf\u00fchrer und ich bin nicht qualifiziert, Menschen zu f\u00fchren. Auf Siebeninseln kannst du nur meine eigenen Erfahrungen nachlesen, die ich auf meinen privaten Wanderungen gesammelt habe.<\/p>\n<p>Um sicher zu Wandern solltest du k\u00f6rperlich fit sein, einige technische Kenntnisse sowie eine geeignete Ausr\u00fcstung haben. Auch spielen nat\u00fcrlich Ortskenntnisse und das jeweilige Wetter eine nicht unerhebliche Rolle f\u00fcr das sichere Wandern.<\/p>\n<p>Der Autor ist nicht verantwortlich f\u00fcr die Folgen, die sich aus dem Fehlen aller oder eines Teils der oben genannten Informationen sowie aus dem Missbrauch der hier erscheinenden Informationen ergeben k\u00f6nnen.<br \/>\nAuch k\u00f6nnen sich die aufgeschriebenen Informationen im Laufe der Zeit ver\u00e4ndern. Die angezeigten GPS-Positionen sind nicht unbedingt eine exakte Wegbeschreibung, da die GPS-Positionierung ausgefallen oder ungenau sein kann. Durch Regen, Erdrutsche usw. kann der Zustand der Wege und Pfade variieren.<br \/>\nDaher bereite dich immer im Voraus gut auf deine Wanderung vor:<\/p>\n<ul>\n<li>Wettervorhersage schauen und aktuelle lokale Informationen einholen<\/li>\n<li><span style=\"font-size: inherit;\">pr\u00fcfen, ob die Strecke f\u00fcr dich selbst (Kondition, k\u00f6rperliche Verfassung) geeignet ist<\/span><\/li>\n<li><span style=\"font-size: inherit;\">Kleidung und Schuhwerk m\u00fcssen zum Wandern geeignet sein<\/span><\/li>\n<li><span style=\"font-size: inherit;\">ausreichend Nahrung und auf jeden Fall Wasser mitnehmen<\/span><\/li>\n<li><span style=\"font-size: inherit;\">m\u00f6glichst nur in Begleitung wandern und Familie oder Freunde \u00fcber die Strecke informieren<\/span><\/li>\n<\/ul>\n<p>Denke daran: Das Wandern in der Natur birgt Risiken. Du wanderst auf eigene Gefahr. Sei umsichtig und rufe im Notfall den Notdienst (112) an.<\/p>\n","protected":false},"excerpt":{"rendered":"<p>Verantwortlich: Dagmar Reuter Nietzschestra\u00dfe 21 53177 Bonn Deutschland Tel.: 0228 \u2013 299727 10 Mail: mail@siebeninseln.de Rechtlicher Hinweis zur Verlinkung mit anderen Webseiten: Da ich keinen Einfluss auf die von dieser Webseite verlinkten Seiten habe, distanziere ich mich hiermit ausdr\u00fccklich von allen rechtswidrigen Inhalten der von mir verlinkten Webseiten. Haftungsausschluss\u00a0 Die auf Siebeninseln enthaltenen Informationen sind [&hellip;]<\/p>\n","protected":false},"author":1,"featured_media":0,"parent":0,"menu_order":0,"comment_status":"closed","ping_status":"closed","template":"","meta":{"_acf_changed":false,"_crdt_document":"","footnotes":""},"class_list":["post-33","page","type-page","status-publish","hentry"],"acf":[],"yoast_head":"<!-- This site is optimized with the Yoast SEO plugin v27.2 - https:\/\/yoast.com\/product\/yoast-seo-wordpress\/ -->\n<title>Impressum und Haftungsausschluss | Sieben Inseln<\/title>\n<meta name=\"robots\" content=\"noindex, follow, max-snippet:-1, max-image-preview:large, max-video-preview:-1\" \/>\n<meta property=\"og:locale\" content=\"de_DE\" \/>\n<meta property=\"og:type\" content=\"article\" \/>\n<meta property=\"og:title\" content=\"Impressum und Haftungsausschluss | Sieben Inseln\" \/>\n<meta property=\"og:description\" content=\"Verantwortlich: Dagmar Reuter Nietzschestra\u00dfe 21 53177 Bonn Deutschland Tel.: 0228 \u2013 299727 10 Mail: mail@siebeninseln.de Rechtlicher Hinweis zur Verlinkung mit anderen Webseiten: Da ich keinen Einfluss auf die von dieser Webseite verlinkten Seiten habe, distanziere ich mich hiermit ausdr\u00fccklich von allen rechtswidrigen Inhalten der von mir verlinkten Webseiten. Haftungsausschluss\u00a0 Die auf Siebeninseln enthaltenen Informationen sind [&hellip;]\" \/>\n<meta property=\"og:url\" content=\"https:\/\/leo-reuter.de\/siebeninseln\/impressum\/\" \/>\n<meta property=\"og:site_name\" content=\"Sieben Inseln\" \/>\n<meta property=\"article:publisher\" content=\"https:\/\/www.facebook.com\/Siebeninseln\" \/>\n<meta property=\"article:modified_time\" content=\"2021-05-09T14:23:13+00:00\" \/>\n<meta name=\"twitter:card\" content=\"summary_large_image\" \/>\n<meta name=\"twitter:label1\" content=\"Gesch\u00e4tzte Lesezeit\" \/>\n\t<meta name=\"twitter:data1\" content=\"2\u00a0Minuten\" \/>\n<script type=\"application\/ld+json\" class=\"yoast-schema-graph\">{\"@context\":\"https:\/\/schema.org\",\"@graph\":[{\"@type\":\"WebPage\",\"@id\":\"https:\/\/leo-reuter.de\/siebeninseln\/impressum\/\",\"url\":\"https:\/\/leo-reuter.de\/siebeninseln\/impressum\/\",\"name\":\"Impressum und Haftungsausschluss | Sieben Inseln\",\"isPartOf\":{\"@id\":\"https:\/\/leo-reuter.de\/siebeninseln\/#website\"},\"datePublished\":\"2017-04-26T20:37:52+00:00\",\"dateModified\":\"2021-05-09T14:23:13+00:00\",\"breadcrumb\":{\"@id\":\"https:\/\/leo-reuter.de\/siebeninseln\/impressum\/#breadcrumb\"},\"inLanguage\":\"de\",\"potentialAction\":[{\"@type\":\"ReadAction\",\"target\":[\"https:\/\/leo-reuter.de\/siebeninseln\/impressum\/\"]}]},{\"@type\":\"BreadcrumbList\",\"@id\":\"https:\/\/leo-reuter.de\/siebeninseln\/impressum\/#breadcrumb\",\"itemListElement\":[{\"@type\":\"ListItem\",\"position\":1,\"name\":\"home page\",\"item\":\"https:\/\/leo-reuter.de\/siebeninseln\/\"},{\"@type\":\"ListItem\",\"position\":2,\"name\":\"Impressum und Haftungsausschluss\"}]},{\"@type\":\"WebSite\",\"@id\":\"https:\/\/leo-reuter.de\/siebeninseln\/#website\",\"url\":\"https:\/\/leo-reuter.de\/siebeninseln\/\",\"name\":\"Sieben Inseln\",\"description\":\"Wandertouren und Sehenswertes rund um die kanarischen Inseln\",\"publisher\":{\"@id\":\"https:\/\/leo-reuter.de\/siebeninseln\/#\/schema\/person\/c5f85a403410e9dc383cd242420df853\"},\"potentialAction\":[{\"@type\":\"SearchAction\",\"target\":{\"@type\":\"EntryPoint\",\"urlTemplate\":\"https:\/\/leo-reuter.de\/siebeninseln\/?s={search_term_string}\"},\"query-input\":{\"@type\":\"PropertyValueSpecification\",\"valueRequired\":true,\"valueName\":\"search_term_string\"}}],\"inLanguage\":\"de\"},{\"@type\":[\"Person\",\"Organization\"],\"@id\":\"https:\/\/leo-reuter.de\/siebeninseln\/#\/schema\/person\/c5f85a403410e9dc383cd242420df853\",\"name\":\"Dagmar\",\"image\":{\"@type\":\"ImageObject\",\"inLanguage\":\"de\",\"@id\":\"https:\/\/leo-reuter.de\/siebeninseln\/wp-content\/uploads\/2017\/04\/dr.jpg\",\"url\":\"https:\/\/leo-reuter.de\/siebeninseln\/wp-content\/uploads\/2017\/04\/dr.jpg\",\"contentUrl\":\"https:\/\/leo-reuter.de\/siebeninseln\/wp-content\/uploads\/2017\/04\/dr.jpg\",\"width\":502,\"height\":625,\"caption\":\"Dagmar\"},\"logo\":{\"@id\":\"https:\/\/leo-reuter.de\/siebeninseln\/wp-content\/uploads\/2017\/04\/dr.jpg\"},\"sameAs\":[\"https:\/\/leo-reuter.de\/siebeninseln\/\",\"https:\/\/www.facebook.com\/Siebeninseln\",\"https:\/\/www.instagram.com\/siebeninseln\/\"]}]}<\/script>\n<!-- \/ Yoast SEO plugin. -->","yoast_head_json":{"title":"Impressum und Haftungsausschluss | Sieben Inseln","robots":{"index":"noindex","follow":"follow","max-snippet":"max-snippet:-1","max-image-preview":"max-image-preview:large","max-video-preview":"max-video-preview:-1"},"og_locale":"de_DE","og_type":"article","og_title":"Impressum und Haftungsausschluss | Sieben Inseln","og_description":"Verantwortlich: Dagmar Reuter Nietzschestra\u00dfe 21 53177 Bonn Deutschland Tel.: 0228 \u2013 299727 10 Mail: mail@siebeninseln.de Rechtlicher Hinweis zur Verlinkung mit anderen Webseiten: Da ich keinen Einfluss auf die von dieser Webseite verlinkten Seiten habe, distanziere ich mich hiermit ausdr\u00fccklich von allen rechtswidrigen Inhalten der von mir verlinkten Webseiten. Haftungsausschluss\u00a0 Die auf Siebeninseln enthaltenen Informationen sind [&hellip;]","og_url":"https:\/\/leo-reuter.de\/siebeninseln\/impressum\/","og_site_name":"Sieben Inseln","article_publisher":"https:\/\/www.facebook.com\/Siebeninseln","article_modified_time":"2021-05-09T14:23:13+00:00","twitter_card":"summary_large_image","twitter_misc":{"Gesch\u00e4tzte Lesezeit":"2\u00a0Minuten"},"schema":{"@context":"https:\/\/schema.org","@graph":[{"@type":"WebPage","@id":"https:\/\/leo-reuter.de\/siebeninseln\/impressum\/","url":"https:\/\/leo-reuter.de\/siebeninseln\/impressum\/","name":"Impressum und Haftungsausschluss | Sieben Inseln","isPartOf":{"@id":"https:\/\/leo-reuter.de\/siebeninseln\/#website"},"datePublished":"2017-04-26T20:37:52+00:00","dateModified":"2021-05-09T14:23:13+00:00","breadcrumb":{"@id":"https:\/\/leo-reuter.de\/siebeninseln\/impressum\/#breadcrumb"},"inLanguage":"de","potentialAction":[{"@type":"ReadAction","target":["https:\/\/leo-reuter.de\/siebeninseln\/impressum\/"]}]},{"@type":"BreadcrumbList","@id":"https:\/\/leo-reuter.de\/siebeninseln\/impressum\/#breadcrumb","itemListElement":[{"@type":"ListItem","position":1,"name":"home page","item":"https:\/\/leo-reuter.de\/siebeninseln\/"},{"@type":"ListItem","position":2,"name":"Impressum und Haftungsausschluss"}]},{"@type":"WebSite","@id":"https:\/\/leo-reuter.de\/siebeninseln\/#website","url":"https:\/\/leo-reuter.de\/siebeninseln\/","name":"Sieben Inseln","description":"Wandertouren und Sehenswertes rund um die kanarischen Inseln","publisher":{"@id":"https:\/\/leo-reuter.de\/siebeninseln\/#\/schema\/person\/c5f85a403410e9dc383cd242420df853"},"potentialAction":[{"@type":"SearchAction","target":{"@type":"EntryPoint","urlTemplate":"https:\/\/leo-reuter.de\/siebeninseln\/?s={search_term_string}"},"query-input":{"@type":"PropertyValueSpecification","valueRequired":true,"valueName":"search_term_string"}}],"inLanguage":"de"},{"@type":["Person","Organization"],"@id":"https:\/\/leo-reuter.de\/siebeninseln\/#\/schema\/person\/c5f85a403410e9dc383cd242420df853","name":"Dagmar","image":{"@type":"ImageObject","inLanguage":"de","@id":"https:\/\/leo-reuter.de\/siebeninseln\/wp-content\/uploads\/2017\/04\/dr.jpg","url":"https:\/\/leo-reuter.de\/siebeninseln\/wp-content\/uploads\/2017\/04\/dr.jpg","contentUrl":"https:\/\/leo-reuter.de\/siebeninseln\/wp-content\/uploads\/2017\/04\/dr.jpg","width":502,"height":625,"caption":"Dagmar"},"logo":{"@id":"https:\/\/leo-reuter.de\/siebeninseln\/wp-content\/uploads\/2017\/04\/dr.jpg"},"sameAs":["https:\/\/leo-reuter.de\/siebeninseln\/","https:\/\/www.facebook.com\/Siebeninseln","https:\/\/www.instagram.com\/siebeninseln\/"]}]}},"_links":{"self":[{"href":"https:\/\/leo-reuter.de\/siebeninseln\/wp-json\/wp\/v2\/pages\/33","targetHints":{"allow":["GET"]}}],"collection":[{"href":"https:\/\/leo-reuter.de\/siebeninseln\/wp-json\/wp\/v2\/pages"}],"about":[{"href":"https:\/\/leo-reuter.de\/siebeninseln\/wp-json\/wp\/v2\/types\/page"}],"author":[{"embeddable":true,"href":"https:\/\/leo-reuter.de\/siebeninseln\/wp-json\/wp\/v2\/users\/1"}],"replies":[{"embeddable":true,"href":"https:\/\/leo-reuter.de\/siebeninseln\/wp-json\/wp\/v2\/comments?post=33"}],"version-history":[{"count":5,"href":"https:\/\/leo-reuter.de\/siebeninseln\/wp-json\/wp\/v2\/pages\/33\/revisions"}],"predecessor-version":[{"id":11770,"href":"https:\/\/leo-reuter.de\/siebeninseln\/wp-json\/wp\/v2\/pages\/33\/revisions\/11770"}],"wp:attachment":[{"href":"https:\/\/leo-reuter.de\/siebeninseln\/wp-json\/wp\/v2\/media?parent=33"}],"curies":[{"name":"wp","href":"https:\/\/api.w.org\/{rel}","templated":true}]}}